{"id":5021,"date":"2024-09-02T11:02:45","date_gmt":"2024-09-02T11:02:45","guid":{"rendered":"https:\/\/www.danware.dk\/?page_id=5021"},"modified":"2024-09-02T11:15:12","modified_gmt":"2024-09-02T11:15:12","slug":"fa-et-tilbud-pa-din-hjemmeside","status":"publish","type":"page","link":"https:\/\/www.danware.dk\/en\/fa-et-tilbud-pa-din-hjemmeside\/","title":{"rendered":"F\u00e5 et tilbud p\u00e5 din hjemmeside"},"content":{"rendered":"<div data-elementor-type=\"wp-page\" data-elementor-id=\"5021\" class=\"elementor elementor-5021\">\n\t\t\t\t<div class=\"elementor-element elementor-element-a959c1e e-flex e-con-boxed e-con e-parent\" data-id=\"a959c1e\" data-element_type=\"container\" data-e-type=\"container\" data-settings=\"{&quot;background_background&quot;:&quot;classic&quot;}\">\n\t\t\t\t\t<div class=\"e-con-inner\">\n\t\t<div class=\"elementor-element elementor-element-81c3f92 e-con-full e-flex e-con e-child\" data-id=\"81c3f92\" data-element_type=\"container\" data-e-type=\"container\">\n\t\t\t\t<div class=\"elementor-element elementor-element-3525210 exad-sticky-section-no exad-glass-effect-no elementor-widget elementor-widget-spacer\" data-id=\"3525210\" data-element_type=\"widget\" data-e-type=\"widget\" data-widget_type=\"spacer.default\">\n\t\t\t\t<div class=\"elementor-widget-container\">\n\t\t\t\t\t\t\t<div class=\"elementor-spacer\">\n\t\t\t<div class=\"elementor-spacer-inner\"><\/div>\n\t\t<\/div>\n\t\t\t\t\t\t<\/div>\n\t\t\t\t<\/div>\n\t\t\t\t<div class=\"elementor-element elementor-element-cde82b9 exad-sticky-section-no exad-glass-effect-no elementor-widget elementor-widget-heading\" data-id=\"cde82b9\" data-element_type=\"widget\" data-e-type=\"widget\" data-widget_type=\"heading.default\">\n\t\t\t\t<div class=\"elementor-widget-container\">\n\t\t\t\t\t<h2 class=\"elementor-heading-title elementor-size-default\">Modtag et uforpligtende tilbud<\/h2>\t\t\t\t<\/div>\n\t\t\t\t<\/div>\n\t\t\t\t<div class=\"elementor-element elementor-element-07f613d exad-sticky-section-no exad-glass-effect-no elementor-widget elementor-widget-text-editor\" data-id=\"07f613d\" data-element_type=\"widget\" data-e-type=\"widget\" data-widget_type=\"text-editor.default\">\n\t\t\t\t<div class=\"elementor-widget-container\">\n\t\t\t\t\t\t\t\t\t<p>Vil du gerne h\u00f8re om, hvordan vi kan hj\u00e6lpe med at v\u00e6kste din forretning med en skr\u00e6ddersyet hjemmeside?\u00a0<br \/>Du kan p\u00e5 kort tid modtage et uforpligtende tilbud p\u00e5 din nye hjemmeside. Vi har blot brug for at forst\u00e5 din forretning og dit behov, f\u00f8r vi kan komme med et kvalificeret tilbud.\u00a0\u00a0<\/p>\t\t\t\t\t\t\t\t<\/div>\n\t\t\t\t<\/div>\n\t\t\t\t<\/div>\n\t\t<div class=\"elementor-element elementor-element-9435877 e-con-full e-flex e-con e-child\" data-id=\"9435877\" data-element_type=\"container\" data-e-type=\"container\">\n\t\t\t\t<div class=\"elementor-element elementor-element-88c7d5b exad-sticky-section-no exad-glass-effect-no elementor-widget elementor-widget-spacer\" data-id=\"88c7d5b\" data-element_type=\"widget\" data-e-type=\"widget\" data-widget_type=\"spacer.default\">\n\t\t\t\t<div class=\"elementor-widget-container\">\n\t\t\t\t\t\t\t<div class=\"elementor-spacer\">\n\t\t\t<div class=\"elementor-spacer-inner\"><\/div>\n\t\t<\/div>\n\t\t\t\t\t\t<\/div>\n\t\t\t\t<\/div>\n\t\t<div class=\"elementor-element elementor-element-39865fc e-con-full e-flex e-con e-child\" data-id=\"39865fc\" data-element_type=\"container\" data-e-type=\"container\" data-settings=\"{&quot;background_background&quot;:&quot;classic&quot;}\">\n\t\t\t\t<div class=\"elementor-element elementor-element-cc6e264 exad-sticky-section-no exad-glass-effect-no elementor-widget elementor-widget-animated-headline\" data-id=\"cc6e264\" data-element_type=\"widget\" data-e-type=\"widget\" data-widget_type=\"animated-headline.default\">\n\t\t\t\t<div class=\"elementor-widget-container\">\n\t\t\t\t\t \t\t\t\t<\/div>\n\t\t\t\t<\/div>\n\t\t\t\t<div class=\"elementor-element elementor-element-b135828 exad-sticky-section-no exad-glass-effect-no elementor-widget elementor-widget-text-editor\" data-id=\"b135828\" data-element_type=\"widget\" data-e-type=\"widget\" data-widget_type=\"text-editor.default\">\n\t\t\t\t<div class=\"elementor-widget-container\">\n\t\t\t\t\t\t\t\t\t<p>Vi bestr\u00e6ber os altid p\u00e5 at f\u00e5 af afsendt et tilbud indenfor 24 timer. Du er altid velkommen til at ringe til os for at modtage et uforpligtende tilbud.<\/p>\t\t\t\t\t\t\t\t<\/div>\n\t\t\t\t<\/div>\n\t\t\t\t<div class=\"elementor-element elementor-element-169e94d exad-sticky-section-no exad-glass-effect-no elementor-widget elementor-widget-form\" data-id=\"169e94d\" data-element_type=\"widget\" data-e-type=\"widget\" data-widget_type=\"form.default\">\n\t\t\t\t<div class=\"elementor-widget-container\">\n\t\t\t\t\t \t\t\t\t<\/div>\n\t\t\t\t<\/div>\n\t\t\t\t<\/div>\n\t\t\t\t<div class=\"elementor-element elementor-element-e0b9694 exad-sticky-section-no exad-glass-effect-no elementor-widget elementor-widget-spacer\" data-id=\"e0b9694\" data-element_type=\"widget\" data-e-type=\"widget\" data-widget_type=\"spacer.default\">\n\t\t\t\t<div class=\"elementor-widget-container\">\n\t\t\t\t\t\t\t<div class=\"elementor-spacer\">\n\t\t\t<div class=\"elementor-spacer-inner\"><\/div>\n\t\t<\/div>\n\t\t\t\t\t\t<\/div>\n\t\t\t\t<\/div>\n\t\t\t\t<\/div>\n\t\t\t\t\t<\/div>\n\t\t\t\t<\/div>\n\t\t\t\t<\/div>","protected":false},"excerpt":{"rendered":"<p>Modtag et uforpligtende tilbud Vil du gerne h\u00f8re om, hvordan vi kan hj\u00e6lpe med at v\u00e6kste din forretning med en skr\u00e6ddersyet hjemmeside?\u00a0Du kan p\u00e5 kort tid modtage et uforpligtende tilbud p\u00e5 din nye hjemmeside. Vi har blot brug for at forst\u00e5 din forretning og dit behov, f\u00f8r vi kan komme med et kvalificeret tilbud.\u00a0\u00a0 V\u00e6kst [&hellip;]<\/p>\n","protected":false},"author":1,"featured_media":0,"parent":0,"menu_order":0,"comment_status":"closed","ping_status":"closed","template":"","meta":{"site-sidebar-layout":"no-sidebar","site-content-layout":"","ast-site-content-layout":"full-width-container","site-content-style":"default","site-sidebar-style":"default","ast-global-header-display":"","ast-banner-title-visibility":"","ast-main-header-display":"","ast-hfb-above-header-display":"","ast-hfb-below-header-display":"","ast-hfb-mobile-header-display":"","site-post-title":"disabled","ast-breadcrumbs-content":"","ast-featured-img":"disabled","footer-sml-layout":"","ast-disable-related-posts":"","theme-transparent-header-meta":"","adv-header-id-meta":"","stick-header-meta":"","header-above-stick-meta":"","header-main-stick-meta":"","header-below-stick-meta":"","astra-migrate-meta-layouts":"default","ast-page-background-enabled":"default","ast-page-background-meta":{"desktop":{"background-color":"var(--ast-global-color-4)","background-image":"","background-repeat":"repeat","background-position":"center center","background-size":"auto","background-attachment":"scroll","background-type":"","background-media":"","overlay-type":"","overlay-color":"","overlay-opacity":"","overlay-gradient":""},"tablet":{"background-color":"","background-image":"","background-repeat":"repeat","background-position":"center center","background-size":"auto","background-attachment":"scroll","background-type":"","background-media":"","overlay-type":"","overlay-color":"","overlay-opacity":"","overlay-gradient":""},"mobile":{"background-color":"","background-image":"","background-repeat":"repeat","background-position":"center center","background-size":"auto","background-attachment":"scroll","background-type":"","background-media":"","overlay-type":"","overlay-color":"","overlay-opacity":"","overlay-gradient":""}},"ast-content-background-meta":{"desktop":{"background-color":"var(--ast-global-color-5)","background-image":"","background-repeat":"repeat","background-position":"center center","background-size":"auto","background-attachment":"scroll","background-type":"","background-media":"","overlay-type":"","overlay-color":"","overlay-opacity":"","overlay-gradient":""},"tablet":{"background-color":"var(--ast-global-color-5)","background-image":"","background-repeat":"repeat","background-position":"center center","background-size":"auto","background-attachment":"scroll","background-type":"","background-media":"","overlay-type":"","overlay-color":"","overlay-opacity":"","overlay-gradient":""},"mobile":{"background-color":"var(--ast-global-color-5)","background-image":"","background-repeat":"repeat","background-position":"center center","background-size":"auto","background-attachment":"scroll","background-type":"","background-media":"","overlay-type":"","overlay-color":"","overlay-opacity":"","overlay-gradient":""}},"footnotes":""},"class_list":["post-5021","page","type-page","status-publish","hentry"],"yoast_head":"<!-- This site is optimized with the Yoast SEO plugin v27.1.1 - https:\/\/yoast.com\/product\/yoast-seo-wordpress\/ -->\n<title>F\u00e5 et tilbud p\u00e5 din hjemmeside - Nordjysk IT-konsulenthus - Danware Systems ApS<\/title>\n<meta name=\"robots\" content=\"index, follow, max-snippet:-1, max-image-preview:large, max-video-preview:-1\" \/>\n<link rel=\"canonical\" href=\"https:\/\/www.danware.dk\/en\/fa-et-tilbud-pa-din-hjemmeside\/\" \/>\n<meta property=\"og:locale\" content=\"en_GB\" \/>\n<meta property=\"og:type\" content=\"article\" \/>\n<meta property=\"og:title\" content=\"F\u00e5 et tilbud p\u00e5 din hjemmeside - Nordjysk IT-konsulenthus - Danware Systems ApS\" \/>\n<meta property=\"og:description\" content=\"Modtag et uforpligtende tilbud Vil du gerne h\u00f8re om, hvordan vi kan hj\u00e6lpe med at v\u00e6kste din forretning med en skr\u00e6ddersyet hjemmeside?\u00a0Du kan p\u00e5 kort tid modtage et uforpligtende tilbud p\u00e5 din nye hjemmeside. Vi har blot brug for at forst\u00e5 din forretning og dit behov, f\u00f8r vi kan komme med et kvalificeret tilbud.\u00a0\u00a0 V\u00e6kst [&hellip;]\" \/>\n<meta property=\"og:url\" content=\"https:\/\/www.danware.dk\/en\/fa-et-tilbud-pa-din-hjemmeside\/\" \/>\n<meta property=\"og:site_name\" content=\"Danware Systems - Hele Danmarks IT-konsulenthus\" \/>\n<meta property=\"article:modified_time\" content=\"2024-09-02T11:15:12+00:00\" \/>\n<meta name=\"twitter:card\" content=\"summary_large_image\" \/>\n<meta name=\"twitter:label1\" content=\"Estimated reading time\" \/>\n\t<meta name=\"twitter:data1\" content=\"1 minute\" \/>\n<script type=\"application\/ld+json\" class=\"yoast-schema-graph\">{\"@context\":\"https:\/\/schema.org\",\"@graph\":[{\"@type\":\"WebPage\",\"@id\":\"https:\/\/www.danware.dk\/fa-et-tilbud-pa-din-hjemmeside\/\",\"url\":\"https:\/\/www.danware.dk\/fa-et-tilbud-pa-din-hjemmeside\/\",\"name\":\"F\u00e5 et tilbud p\u00e5 din hjemmeside - Nordjysk IT-konsulenthus - Danware Systems ApS\",\"isPartOf\":{\"@id\":\"https:\/\/www.danware.dk\/#website\"},\"datePublished\":\"2024-09-02T11:02:45+00:00\",\"dateModified\":\"2024-09-02T11:15:12+00:00\",\"breadcrumb\":{\"@id\":\"https:\/\/www.danware.dk\/fa-et-tilbud-pa-din-hjemmeside\/#breadcrumb\"},\"inLanguage\":\"en-GB\",\"potentialAction\":[{\"@type\":\"ReadAction\",\"target\":[\"https:\/\/www.danware.dk\/fa-et-tilbud-pa-din-hjemmeside\/\"]}]},{\"@type\":\"BreadcrumbList\",\"@id\":\"https:\/\/www.danware.dk\/fa-et-tilbud-pa-din-hjemmeside\/#breadcrumb\",\"itemListElement\":[{\"@type\":\"ListItem\",\"position\":1,\"name\":\"Hjem\",\"item\":\"https:\/\/www.danware.dk\/\"},{\"@type\":\"ListItem\",\"position\":2,\"name\":\"F\u00e5 et tilbud p\u00e5 din hjemmeside\"}]},{\"@type\":\"WebSite\",\"@id\":\"https:\/\/www.danware.dk\/#website\",\"url\":\"https:\/\/www.danware.dk\/\",\"name\":\"Danware\",\"description\":\"IT-konsulenthus\",\"publisher\":{\"@id\":\"https:\/\/www.danware.dk\/#organization\"},\"potentialAction\":[{\"@type\":\"SearchAction\",\"target\":{\"@type\":\"EntryPoint\",\"urlTemplate\":\"https:\/\/www.danware.dk\/?s={search_term_string}\"},\"query-input\":{\"@type\":\"PropertyValueSpecification\",\"valueRequired\":true,\"valueName\":\"search_term_string\"}}],\"inLanguage\":\"en-GB\"},{\"@type\":\"Organization\",\"@id\":\"https:\/\/www.danware.dk\/#organization\",\"name\":\"Danware\",\"url\":\"https:\/\/www.danware.dk\/\",\"logo\":{\"@type\":\"ImageObject\",\"inLanguage\":\"en-GB\",\"@id\":\"https:\/\/www.danware.dk\/#\/schema\/logo\/image\/\",\"url\":\"https:\/\/www.danware.dk\/wp-content\/uploads\/2023\/11\/cropped-danware-systems-logo-2-e1709131808497.png\",\"contentUrl\":\"https:\/\/www.danware.dk\/wp-content\/uploads\/2023\/11\/cropped-danware-systems-logo-2-e1709131808497.png\",\"width\":500,\"height\":255,\"caption\":\"Danware\"},\"image\":{\"@id\":\"https:\/\/www.danware.dk\/#\/schema\/logo\/image\/\"},\"sameAs\":[\"https:\/\/www.linkedin.com\/company\/danware-systems-aps\/?viewAsMember=true\"]}]}<\/script>\n<!-- \/ Yoast SEO plugin. -->","yoast_head_json":{"title":"F\u00e5 et tilbud p\u00e5 din hjemmeside - Nordjysk IT-konsulenthus - Danware Systems ApS","robots":{"index":"index","follow":"follow","max-snippet":"max-snippet:-1","max-image-preview":"max-image-preview:large","max-video-preview":"max-video-preview:-1"},"canonical":"https:\/\/www.danware.dk\/en\/fa-et-tilbud-pa-din-hjemmeside\/","og_locale":"en_GB","og_type":"article","og_title":"F\u00e5 et tilbud p\u00e5 din hjemmeside - Nordjysk IT-konsulenthus - Danware Systems ApS","og_description":"Modtag et uforpligtende tilbud Vil du gerne h\u00f8re om, hvordan vi kan hj\u00e6lpe med at v\u00e6kste din forretning med en skr\u00e6ddersyet hjemmeside?\u00a0Du kan p\u00e5 kort tid modtage et uforpligtende tilbud p\u00e5 din nye hjemmeside. Vi har blot brug for at forst\u00e5 din forretning og dit behov, f\u00f8r vi kan komme med et kvalificeret tilbud.\u00a0\u00a0 V\u00e6kst [&hellip;]","og_url":"https:\/\/www.danware.dk\/en\/fa-et-tilbud-pa-din-hjemmeside\/","og_site_name":"Danware Systems - Hele Danmarks IT-konsulenthus","article_modified_time":"2024-09-02T11:15:12+00:00","twitter_card":"summary_large_image","twitter_misc":{"Estimated reading time":"1 minute"},"schema":{"@context":"https:\/\/schema.org","@graph":[{"@type":"WebPage","@id":"https:\/\/www.danware.dk\/fa-et-tilbud-pa-din-hjemmeside\/","url":"https:\/\/www.danware.dk\/fa-et-tilbud-pa-din-hjemmeside\/","name":"F\u00e5 et tilbud p\u00e5 din hjemmeside - Nordjysk IT-konsulenthus - Danware Systems ApS","isPartOf":{"@id":"https:\/\/www.danware.dk\/#website"},"datePublished":"2024-09-02T11:02:45+00:00","dateModified":"2024-09-02T11:15:12+00:00","breadcrumb":{"@id":"https:\/\/www.danware.dk\/fa-et-tilbud-pa-din-hjemmeside\/#breadcrumb"},"inLanguage":"en-GB","potentialAction":[{"@type":"ReadAction","target":["https:\/\/www.danware.dk\/fa-et-tilbud-pa-din-hjemmeside\/"]}]},{"@type":"BreadcrumbList","@id":"https:\/\/www.danware.dk\/fa-et-tilbud-pa-din-hjemmeside\/#breadcrumb","itemListElement":[{"@type":"ListItem","position":1,"name":"Hjem","item":"https:\/\/www.danware.dk\/"},{"@type":"ListItem","position":2,"name":"F\u00e5 et tilbud p\u00e5 din hjemmeside"}]},{"@type":"WebSite","@id":"https:\/\/www.danware.dk\/#website","url":"https:\/\/www.danware.dk\/","name":"Danware","description":"IT-konsulenthus","publisher":{"@id":"https:\/\/www.danware.dk\/#organization"},"potentialAction":[{"@type":"SearchAction","target":{"@type":"EntryPoint","urlTemplate":"https:\/\/www.danware.dk\/?s={search_term_string}"},"query-input":{"@type":"PropertyValueSpecification","valueRequired":true,"valueName":"search_term_string"}}],"inLanguage":"en-GB"},{"@type":"Organization","@id":"https:\/\/www.danware.dk\/#organization","name":"Danware","url":"https:\/\/www.danware.dk\/","logo":{"@type":"ImageObject","inLanguage":"en-GB","@id":"https:\/\/www.danware.dk\/#\/schema\/logo\/image\/","url":"https:\/\/www.danware.dk\/wp-content\/uploads\/2023\/11\/cropped-danware-systems-logo-2-e1709131808497.png","contentUrl":"https:\/\/www.danware.dk\/wp-content\/uploads\/2023\/11\/cropped-danware-systems-logo-2-e1709131808497.png","width":500,"height":255,"caption":"Danware"},"image":{"@id":"https:\/\/www.danware.dk\/#\/schema\/logo\/image\/"},"sameAs":["https:\/\/www.linkedin.com\/company\/danware-systems-aps\/?viewAsMember=true"]}]}},"_links":{"self":[{"href":"https:\/\/www.danware.dk\/en\/wp-json\/wp\/v2\/pages\/5021","targetHints":{"allow":["GET"]}}],"collection":[{"href":"https:\/\/www.danware.dk\/en\/wp-json\/wp\/v2\/pages"}],"about":[{"href":"https:\/\/www.danware.dk\/en\/wp-json\/wp\/v2\/types\/page"}],"author":[{"embeddable":true,"href":"https:\/\/www.danware.dk\/en\/wp-json\/wp\/v2\/users\/1"}],"replies":[{"embeddable":true,"href":"https:\/\/www.danware.dk\/en\/wp-json\/wp\/v2\/comments?post=5021"}],"version-history":[{"count":5,"href":"https:\/\/www.danware.dk\/en\/wp-json\/wp\/v2\/pages\/5021\/revisions"}],"predecessor-version":[{"id":5029,"href":"https:\/\/www.danware.dk\/en\/wp-json\/wp\/v2\/pages\/5021\/revisions\/5029"}],"wp:attachment":[{"href":"https:\/\/www.danware.dk\/en\/wp-json\/wp\/v2\/media?parent=5021"}],"curies":[{"name":"wp","href":"https:\/\/api.w.org\/{rel}","templated":true}]}}